{"id":593,"date":"2024-08-26T21:57:28","date_gmt":"2024-08-27T02:57:28","guid":{"rendered":"https:\/\/rmontech.com\/?post_type=product&#038;p=593"},"modified":"2024-11-03T09:44:28","modified_gmt":"2024-11-03T14:44:28","slug":"kit-de-cable-adaptador-de-carga-multiusb","status":"publish","type":"product","link":"https:\/\/rmontech.com\/index.php\/producto\/kit-de-cable-adaptador-de-carga-multiusb\/","title":{"rendered":"\u2022\tKit de cable adaptador de carga multiUSB"},"content":{"rendered":"<p>RMON TECH<\/p>\n<ul>\n<li>colores disponibles: blanco, negro.<\/li>\n<li>Material: ABS<\/li>\n<li>Velocidad de conexi\u00f3n: 300 mbits<\/li>\n<li>ID del articulo: PV75425<\/li>\n<li>cuenta con cables de carga y transmisi\u00f3n intercambiables. tiene cuatro puertos diferentes: Android, lightning, usb y un cable tipo c, puedes convertirlo en el tipo de puerto necesario para la transmisi\u00f3n de datos, carga, etc.<\/li>\n<li>almacenamiento practico: viene una caja de almacenamiento para varias interfaces, tarjetas sim y cables de datos. tambi\u00e9n hay un dedal y 3 ranuras para tarjetas, que se pueden almacenar despu\u00e9s de tomar la tarjeta para evitar la p\u00e9rdida de la tarjeta sim (no incluye la tarjeta).<\/li>\n<li>soporte para tel\u00e9fono m\u00f3vil: soporte para tel\u00e9fono m\u00f3vil integrado, plegable, conveniente para ver videos, videollamadas y liberar tus manos.<\/li>\n<li>carga de alta potencia de 60 w: este cable tipo c soporta 60 w de alta potencia, y est\u00e1 equipado con un adaptador de carga r\u00e1pida para cargar r\u00e1pidamente tel\u00e9fonos m\u00f3viles, tabletas, port\u00e1tiles y otros dispositivos. el alambre de cobre interno es m\u00e1s grande y m\u00e1s grueso que los cables ordinarios, lo que ayuda a aumentar la velocidad de carga y transmitir datos.<\/li>\n<li>tama\u00f1o peque\u00f1o de 8.4 x 1 cm. se puede poner f\u00e1cilmente en bolsillos, carteras, bolsos, mochilas, etc. ll\u00e9valo para comenzar un viaje sin preocupaciones. es adecuado para escenas como coche, familia, trabajo, cafeter\u00eda, al aire libre, etc.<\/li>\n<\/ul>\n<p>&nbsp;<\/p>\n","protected":false},"excerpt":{"rendered":"<p>RMON TECH colores disponibles: blanco, negro. Material: ABS Velocidad de conexi\u00f3n: 300 mbits ID del articulo: PV75425 cuenta con cables de carga y transmisi\u00f3n intercambiables. tiene cuatro puertos diferentes: Android, lightning, usb y un cable tipo c, puedes convertirlo en el tipo de puerto necesario para la transmisi\u00f3n de datos, carga, etc. almacenamiento practico: viene [&hellip;]<\/p>\n","protected":false},"featured_media":603,"template":"","meta":[],"product_brand":[],"product_cat":[16],"product_tag":[],"class_list":{"0":"post-593","1":"product","2":"type-product","3":"status-publish","4":"has-post-thumbnail","6":"product_cat-sin-categorizar","8":"first","9":"instock","10":"sale","11":"shipping-taxable","12":"purchasable","13":"product-type-simple"},"_links":{"self":[{"href":"https:\/\/rmontech.com\/index.php\/wp-json\/wp\/v2\/product\/593","targetHints":{"allow":["GET"]}}],"collection":[{"href":"https:\/\/rmontech.com\/index.php\/wp-json\/wp\/v2\/product"}],"about":[{"href":"https:\/\/rmontech.com\/index.php\/wp-json\/wp\/v2\/types\/product"}],"wp:featuredmedia":[{"embeddable":true,"href":"https:\/\/rmontech.com\/index.php\/wp-json\/wp\/v2\/media\/603"}],"wp:attachment":[{"href":"https:\/\/rmontech.com\/index.php\/wp-json\/wp\/v2\/media?parent=593"}],"wp:term":[{"taxonomy":"product_brand","embeddable":true,"href":"https:\/\/rmontech.com\/index.php\/wp-json\/wp\/v2\/product_brand?post=593"},{"taxonomy":"product_cat","embeddable":true,"href":"https:\/\/rmontech.com\/index.php\/wp-json\/wp\/v2\/product_cat?post=593"},{"taxonomy":"product_tag","embeddable":true,"href":"https:\/\/rmontech.com\/index.php\/wp-json\/wp\/v2\/product_tag?post=593"}],"curies":[{"name":"wp","href":"https:\/\/api.w.org\/{rel}","templated":true}]}}