{"id":582,"date":"2024-08-25T17:02:28","date_gmt":"2024-08-25T22:02:28","guid":{"rendered":"https:\/\/rmontech.com\/?post_type=product&#038;p=582"},"modified":"2024-08-26T22:00:42","modified_gmt":"2024-08-27T03:00:42","slug":"consola-de-videojuegos-retro-x2-gd10-3d-4k-mando-inalambrico-recargable","status":"publish","type":"product","link":"https:\/\/rmontech.com\/index.php\/producto\/consola-de-videojuegos-retro-x2-gd10-3d-4k-mando-inalambrico-recargable\/","title":{"rendered":"Consola de videojuegos Retro X2 GD10 3D 4K, mando inal\u00e1mbrico Recargable"},"content":{"rendered":"<p>RMON TECH<\/p>\n<p>&nbsp;<\/p>\n<p><strong>Descripci\u00f3n<\/strong><\/p>\n<ul>\n<li>Nombre: Consola de video Juegos Game Stick<\/li>\n<li>Admite juegos 3D m\u00e1s grandes<\/li>\n<li>Juegos: +37,000 juegos integrados con tarjeta de 64GB<\/li>\n<li>Funci\u00f3n: con funci\u00f3n de b\u00fasqueda, funci\u00f3n de colecci\u00f3n, funci\u00f3n de guardar el progreso del juego<\/li>\n<li>Salida HD compatible con HD 4K: Salida 60FPS m\u00e1x., salida HD 2.1D 1280*720 resoluciones<\/li>\n<li>Controlador inal\u00e1mbrico Recargable: Controlador inal\u00e1mbrico 2,4G compatible con 1-2 jugadores, deshazte de la limitaci\u00f3n del cable y juega libremente.<\/li>\n<\/ul>\n<p><strong>\u00a0<\/strong><\/p>\n<p><strong>Lista de embalaje<\/strong><\/p>\n<ul>\n<li>02 mandos Inal\u00e1mbricos Recargables.<\/li>\n<li>01 receptor de se\u00f1al inal\u00e1mbrica<\/li>\n<li>01 cable DE DATOS DE CARGA USB para la Estaci\u00f3n Game Stick<\/li>\n<li>01 cable DE DATOS DE CARGA para los mandos Inal\u00e1mbricos<\/li>\n<li>01 tarjeta de memoria 64G<\/li>\n<li>01 cable de extensi\u00f3n de se\u00f1al HD, para la Estaci\u00f3n Game Stick<\/li>\n<li>01 manual en ingl\u00e9s y Espa\u00f1ol PDF.<\/li>\n<\/ul>\n","protected":false},"excerpt":{"rendered":"<ul>\n<li data-sourcepos=\"7:1-7:53\"><strong>Game Stick: Un universo de juegos en tus manos.<\/strong><\/li>\n<li data-sourcepos=\"8:1-8:1\"><strong>M\u00e1s de 37,000 juegos. \u00a1La diversi\u00f3n nunca termina!<\/strong><\/li>\n<li data-sourcepos=\"9:1-9:34\"><strong>64GB de diversi\u00f3n asegurada.<\/strong><\/li>\n<li data-sourcepos=\"10:1-11:0\"><strong>Tu sala de juegos port\u00e1til, siempre contigo.<\/strong><\/li>\n<\/ul>\n","protected":false},"featured_media":602,"template":"","meta":[],"product_brand":[],"product_cat":[16],"product_tag":[],"class_list":{"0":"post-582","1":"product","2":"type-product","3":"status-publish","4":"has-post-thumbnail","6":"product_cat-sin-categorizar","8":"first","9":"instock","10":"sale","11":"shipping-taxable","12":"purchasable","13":"product-type-simple"},"_links":{"self":[{"href":"https:\/\/rmontech.com\/index.php\/wp-json\/wp\/v2\/product\/582","targetHints":{"allow":["GET"]}}],"collection":[{"href":"https:\/\/rmontech.com\/index.php\/wp-json\/wp\/v2\/product"}],"about":[{"href":"https:\/\/rmontech.com\/index.php\/wp-json\/wp\/v2\/types\/product"}],"wp:featuredmedia":[{"embeddable":true,"href":"https:\/\/rmontech.com\/index.php\/wp-json\/wp\/v2\/media\/602"}],"wp:attachment":[{"href":"https:\/\/rmontech.com\/index.php\/wp-json\/wp\/v2\/media?parent=582"}],"wp:term":[{"taxonomy":"product_brand","embeddable":true,"href":"https:\/\/rmontech.com\/index.php\/wp-json\/wp\/v2\/product_brand?post=582"},{"taxonomy":"product_cat","embeddable":true,"href":"https:\/\/rmontech.com\/index.php\/wp-json\/wp\/v2\/product_cat?post=582"},{"taxonomy":"product_tag","embeddable":true,"href":"https:\/\/rmontech.com\/index.php\/wp-json\/wp\/v2\/product_tag?post=582"}],"curies":[{"name":"wp","href":"https:\/\/api.w.org\/{rel}","templated":true}]}}