{"id":572,"date":"2023-11-14T21:32:43","date_gmt":"2023-11-15T02:32:43","guid":{"rendered":"https:\/\/rmontech.com\/?post_type=product&#038;p=572"},"modified":"2023-11-14T22:55:30","modified_gmt":"2023-11-15T03:55:30","slug":"teclado-rgb-corto-1-black-us","status":"publish","type":"product","link":"https:\/\/rmontech.com\/index.php\/producto\/teclado-rgb-corto-1-black-us\/","title":{"rendered":"Teclado RGB corto 1 &#8211; Black US"},"content":{"rendered":"<p><strong>Caracter\u00edsticas<\/strong><\/p>\n<p><strong>Distinci\u00f3n a todo color<\/strong><br \/>\nSu retroiluminaci\u00f3n da un toque diferente a tu equipo y resalta su composici\u00f3n cuando es utilizado en espacios poco iluminados.<\/p>\n<p><strong>Tecnolog\u00eda antighosting<\/strong><br \/>\nEste dispositivo tiene teclas antighosting. Esta cualidad es indispensable si requieres de un uso intensivo del perif\u00e9rico. Gracias a esto podr\u00e1s evitar fallas al tocar varias teclas al mismo tiempo.<\/p>\n","protected":false},"excerpt":{"rendered":"<p>Disfruta de tus partidas en otro nivel con RMON TECH, marca reconocida que se especializa en brindar la mejor experiencia de juego al p\u00fablico gamer desde hace m\u00e1s de 20 a\u00f1os. Sus teclados se adaptan a todo tipo de jugadores y esto los convierten en un fiel reflejo de la alta gama y calidad que la compa\u00f1\u00eda ofrece.<\/p>\n","protected":false},"featured_media":577,"template":"","meta":[],"product_brand":[],"product_cat":[25,24],"product_tag":[],"class_list":{"0":"post-572","1":"product","2":"type-product","3":"status-publish","4":"has-post-thumbnail","6":"product_cat-gamer","7":"product_cat-teclados","9":"first","10":"instock","11":"sale","12":"shipping-taxable","13":"purchasable","14":"product-type-simple"},"_links":{"self":[{"href":"https:\/\/rmontech.com\/index.php\/wp-json\/wp\/v2\/product\/572","targetHints":{"allow":["GET"]}}],"collection":[{"href":"https:\/\/rmontech.com\/index.php\/wp-json\/wp\/v2\/product"}],"about":[{"href":"https:\/\/rmontech.com\/index.php\/wp-json\/wp\/v2\/types\/product"}],"wp:featuredmedia":[{"embeddable":true,"href":"https:\/\/rmontech.com\/index.php\/wp-json\/wp\/v2\/media\/577"}],"wp:attachment":[{"href":"https:\/\/rmontech.com\/index.php\/wp-json\/wp\/v2\/media?parent=572"}],"wp:term":[{"taxonomy":"product_brand","embeddable":true,"href":"https:\/\/rmontech.com\/index.php\/wp-json\/wp\/v2\/product_brand?post=572"},{"taxonomy":"product_cat","embeddable":true,"href":"https:\/\/rmontech.com\/index.php\/wp-json\/wp\/v2\/product_cat?post=572"},{"taxonomy":"product_tag","embeddable":true,"href":"https:\/\/rmontech.com\/index.php\/wp-json\/wp\/v2\/product_tag?post=572"}],"curies":[{"name":"wp","href":"https:\/\/api.w.org\/{rel}","templated":true}]}}